{"id":1941,"date":"2024-04-19T17:28:44","date_gmt":"2024-04-19T15:28:44","guid":{"rendered":"http:\/\/www.rioabierto.fr\/v2\/?page_id=1941"},"modified":"2025-02-01T18:32:55","modified_gmt":"2025-02-01T17:32:55","slug":"claire-astruc","status":"publish","type":"page","link":"https:\/\/www.rioabierto.fr\/v2\/ounoustrouver\/claire-astruc\/","title":{"rendered":"Claire ASTRUC"},"content":{"rendered":"\t\t<div data-elementor-type=\"wp-post\" data-elementor-id=\"1941\" class=\"elementor elementor-1941\">\n\t\t\t\t\t\t<section class=\"elementor-section elementor-top-section elementor-element elementor-element-6160c97a elementor-section-stretched elementor-section-boxed elementor-section-height-default elementor-section-height-default\" data-id=\"6160c97a\" data-element_type=\"section\" data-settings=\"{&quot;background_background&quot;:&quot;classic&quot;,&quot;stretch_section&quot;:&quot;section-stretched&quot;,&quot;shape_divider_top&quot;:&quot;wave-brush&quot;}\">\n\t\t\t\t\t\t\t<div class=\"elementor-background-overlay\"><\/div>\n\t\t\t\t\t\t<div class=\"elementor-shape elementor-shape-top\" data-negative=\"false\">\n\t\t\t<svg xmlns=\"http:\/\/www.w3.org\/2000\/svg\" viewBox=\"0 0 283.5 27.8\" preserveAspectRatio=\"none\">\n\t<path class=\"elementor-shape-fill\" d=\"M283.5,9.7c0,0-7.3,4.3-14,4.6c-6.8,0.3-12.6,0-20.9-1.5c-11.3-2-33.1-10.1-44.7-5.7\ts-12.1,4.6-18,7.4c-6.6,3.2-20,9.6-36.6,9.3C131.6,23.5,99.5,7.2,86.3,8c-1.4,0.1-6.6,0.8-10.5,2c-3.8,1.2-9.4,3.8-17,4.7\tc-3.2,0.4-8.3,1.1-14.2,0.9c-1.5-0.1-6.3-0.4-12-1.6c-5.7-1.2-11-3.1-15.8-3.7C6.5,9.2,0,10.8,0,10.8V0h283.5V9.7z M260.8,11.3\tc-0.7-1-2-0.4-4.3-0.4c-2.3,0-6.1-1.2-5.8-1.1c0.3,0.1,3.1,1.5,6,1.9C259.7,12.2,261.4,12.3,260.8,11.3z M242.4,8.6\tc0,0-2.4-0.2-5.6-0.9c-3.2-0.8-10.3-2.8-15.1-3.5c-8.2-1.1-15.8,0-15.1,0.1c0.8,0.1,9.6-0.6,17.6,1.1c3.3,0.7,9.3,2.2,12.4,2.7\tC239.9,8.7,242.4,8.6,242.4,8.6z M185.2,8.5c1.7-0.7-13.3,4.7-18.5,6.1c-2.1,0.6-6.2,1.6-10,2c-3.9,0.4-8.9,0.4-8.8,0.5\tc0,0.2,5.8,0.8,11.2,0c5.4-0.8,5.2-1.1,7.6-1.6C170.5,14.7,183.5,9.2,185.2,8.5z M199.1,6.9c0.2,0-0.8-0.4-4.8,1.1\tc-4,1.5-6.7,3.5-6.9,3.7c-0.2,0.1,3.5-1.8,6.6-3C197,7.5,199,6.9,199.1,6.9z M283,6c-0.1,0.1-1.9,1.1-4.8,2.5s-6.9,2.8-6.7,2.7\tc0.2,0,3.5-0.6,7.4-2.5C282.8,6.8,283.1,5.9,283,6z M31.3,11.6c0.1-0.2-1.9-0.2-4.5-1.2s-5.4-1.6-7.8-2C15,7.6,7.3,8.5,7.7,8.6\tC8,8.7,15.9,8.3,20.2,9.3c2.2,0.5,2.4,0.5,5.7,1.6S31.2,11.9,31.3,11.6z M73,9.2c0.4-0.1,3.5-1.6,8.4-2.6c4.9-1.1,8.9-0.5,8.9-0.8\tc0-0.3-1-0.9-6.2-0.3S72.6,9.3,73,9.2z M71.6,6.7C71.8,6.8,75,5.4,77.3,5c2.3-0.3,1.9-0.5,1.9-0.6c0-0.1-1.1-0.2-2.7,0.2\tC74.8,5.1,71.4,6.6,71.6,6.7z M93.6,4.4c0.1,0.2,3.5,0.8,5.6,1.8c2.1,1,1.8,0.6,1.9,0.5c0.1-0.1-0.8-0.8-2.4-1.3\tC97.1,4.8,93.5,4.2,93.6,4.4z M65.4,11.1c-0.1,0.3,0.3,0.5,1.9-0.2s2.6-1.3,2.2-1.2s-0.9,0.4-2.5,0.8C65.3,10.9,65.5,10.8,65.4,11.1\tz M34.5,12.4c-0.2,0,2.1,0.8,3.3,0.9c1.2,0.1,2,0.1,2-0.2c0-0.3-0.1-0.5-1.6-0.4C36.6,12.8,34.7,12.4,34.5,12.4z M152.2,21.1\tc-0.1,0.1-2.4-0.3-7.5-0.3c-5,0-13.6-2.4-17.2-3.5c-3.6-1.1,10,3.9,16.5,4.1C150.5,21.6,152.3,21,152.2,21.1z\"\/>\n\t<path class=\"elementor-shape-fill\" d=\"M269.6,18c-0.1-0.1-4.6,0.3-7.2,0c-7.3-0.7-17-3.2-16.6-2.9c0.4,0.3,13.7,3.1,17,3.3\tC267.7,18.8,269.7,18,269.6,18z\"\/>\n\t<path class=\"elementor-shape-fill\" d=\"M227.4,9.8c-0.2-0.1-4.5-1-9.5-1.2c-5-0.2-12.7,0.6-12.3,0.5c0.3-0.1,5.9-1.8,13.3-1.2\tS227.6,9.9,227.4,9.8z\"\/>\n\t<path class=\"elementor-shape-fill\" d=\"M204.5,13.4c-0.1-0.1,2-1,3.2-1.1c1.2-0.1,2,0,2,0.3c0,0.3-0.1,0.5-1.6,0.4\tC206.4,12.9,204.6,13.5,204.5,13.4z\"\/>\n\t<path class=\"elementor-shape-fill\" d=\"M201,10.6c0-0.1-4.4,1.2-6.3,2.2c-1.9,0.9-6.2,3.1-6.1,3.1c0.1,0.1,4.2-1.6,6.3-2.6\tS201,10.7,201,10.6z\"\/>\n\t<path class=\"elementor-shape-fill\" d=\"M154.5,26.7c-0.1-0.1-4.6,0.3-7.2,0c-7.3-0.7-17-3.2-16.6-2.9c0.4,0.3,13.7,3.1,17,3.3\tC152.6,27.5,154.6,26.8,154.5,26.7z\"\/>\n\t<path class=\"elementor-shape-fill\" d=\"M41.9,19.3c0,0,1.2-0.3,2.9-0.1c1.7,0.2,5.8,0.9,8.2,0.7c4.2-0.4,7.4-2.7,7-2.6\tc-0.4,0-4.3,2.2-8.6,1.9c-1.8-0.1-5.1-0.5-6.7-0.4S41.9,19.3,41.9,19.3z\"\/>\n\t<path class=\"elementor-shape-fill\" d=\"M75.5,12.6c0.2,0.1,2-0.8,4.3-1.1c2.3-0.2,2.1-0.3,2.1-0.5c0-0.1-1.8-0.4-3.4,0\tC76.9,11.5,75.3,12.5,75.5,12.6z\"\/>\n\t<path class=\"elementor-shape-fill\" d=\"M15.6,13.2c0-0.1,4.3,0,6.7,0.5c2.4,0.5,5,1.9,5,2c0,0.1-2.7-0.8-5.1-1.4\tC19.9,13.7,15.7,13.3,15.6,13.2z\"\/>\n<\/svg>\t\t<\/div>\n\t\t\t\t\t<div class=\"elementor-container elementor-column-gap-default\">\n\t\t\t\t\t<div class=\"elementor-column elementor-col-100 elementor-top-column elementor-element elementor-element-7c552c0\" data-id=\"7c552c0\" data-element_type=\"column\">\n\t\t\t<div class=\"elementor-widget-wrap elementor-element-populated\">\n\t\t\t\t\t\t<div class=\"elementor-element elementor-element-7488bf38 elementor-widget elementor-widget-image\" data-id=\"7488bf38\" data-element_type=\"widget\" data-widget_type=\"image.default\">\n\t\t\t\t<div class=\"elementor-widget-container\">\n\t\t\t\t\t\t\t\t\t\t\t\t\t\t\t<img decoding=\"async\" src=\"https:\/\/www.rioabierto.fr\/v2\/wp-content\/uploads\/2024\/04\/Claire-ASTUC-300x300.jpg\" title=\"Claire ASTUC\" alt=\"Claire ASTUC\" loading=\"lazy\" \/>\t\t\t\t\t\t\t\t\t\t\t\t\t\t\t<\/div>\n\t\t\t\t<\/div>\n\t\t\t\t<div class=\"elementor-element elementor-element-3c8e24c0 elementor-widget elementor-widget-heading\" data-id=\"3c8e24c0\" data-element_type=\"widget\" data-widget_type=\"heading.default\">\n\t\t\t\t<div class=\"elementor-widget-container\">\n\t\t\t\t\t<h2 class=\"elementor-heading-title elementor-size-default\">CLAIRE ASTRUC<\/h2>\t\t\t\t<\/div>\n\t\t\t\t<\/div>\n\t\t\t\t<div class=\"elementor-element elementor-element-7125c971 elementor-widget elementor-widget-text-editor\" data-id=\"7125c971\" data-element_type=\"widget\" data-widget_type=\"text-editor.default\">\n\t\t\t\t<div class=\"elementor-widget-container\">\n\t\t\t\t\t\t\t\t\t<h4 style=\"text-align: center;\">\u00e0 PARIS (75)<br \/>\u00e0 VAUX-SUR-SEINE (78)<\/h4><h4 style=\"text-align: justify;\">Artiste et pe\u0301dagogue en danse the\u0301a\u0302tre avec <em>Soif Compagnie<\/em>, j\u2019ai \u00e9t\u00e9 form\u00e9e \u00e0 l\u2019Ecole de The\u0301a\u0302tre Jacques Lecoq \u00e0 Paris, ainsi qu\u2019\u00e0 l\u2019Universite\u0301 de New York. Ma rencontre avec <em>SITI Company<\/em> aux USA, ou\u0300 je de\u0301couvre les <em>Viewpoints<\/em> (improvisations collectives) fut de\u0301cisive dans mon parcours. Praticienne <em>Feldenkrai\u0308s<\/em> et instructrice <em>Rio Abierto<\/em>, j\u2019anime des ateliers et stages qui placent le corps et le mouvement au centre d\u2019une pratique artistique et e\u0301nerge\u0301tique. Mon intention est d\u2019ouvrir des espaces qui cultivent l\u2019ancrage, la pre\u0301sence et l\u2019expressivit\u00e9. <em>\u00a0<\/em>Depuis 3 ans, je voyage en Inde, o\u00f9 je pratique la m\u00e9ditation, la danse expressive et les massages.<\/h4><h4 style=\"text-align: justify;\">Depuis que <em>Rio Abierto<\/em> est entr\u00e9 dans ma vie avec le Mouvement vital expressif et les massages, je suis \u00e9merveill\u00e9e par la beaut\u00e9 de la transformation et la joie qu\u2019elle procure. R\u00e9veiller l\u2019\u00e9lan vital et cultiver les potentiels cr\u00e9atifs me procure l\u2019intensit\u00e9 que j\u2019aime vivre ! J\u2019aspire \u00e0 la puissance de se r\u00e9aliser ensemble et faire de nos vies des \u0153uvres d&rsquo;art !<\/h4><h4 style=\"text-align: justify;\">Au plaisir de vous rencontrer lors d\u2019un atelier ou d\u2019un massage, voici quelques opportunit\u00e9s\u00a0!<\/h4><h4 style=\"text-align: center;\">Le Corps Cr\u00e9atif (1\/mois) : 9 Octobre, 13 Novembre &amp; 11 D\u00e9cembre \u00e0 <em>Micadanses<\/em> \u00e0 Paris<\/h4><h4 style=\"text-align: center;\">Danse Expressive (1\/mois) : 19 Octobre, 9 Novembre &amp; 14 D\u00e9cembre \u00e0 Vaux-Sur-Seine<\/h4><h4 style=\"text-align: center;\">Massages <em>Rio Abierto<\/em>\u00a0sur rdv \u00e0 Paris et Vaux-sur-Seine<\/h4><h4 style=\"text-align: center;\"><strong><a href=\"mailto:contact@soifcompangie.com\">contact@soifcompangie.com<\/a><\/strong><\/h4><h4 style=\"text-align: center;\"><strong>06 20 47 20 31<\/strong><\/h4><h4 style=\"text-align: center;\"><strong><a href=\"http:\/\/www.soifcompagnie.com\">www.soifcompagnie.com<\/a><\/strong><\/h4><h4 style=\"text-align: center;\"><strong><a href=\"https:\/\/www.facebook.com\/claire.astruc.37\/\">www.facebook.com\/claire.astruc.37<\/a><\/strong><\/h4><h4 style=\"text-align: center;\"><strong><a href=\"https:\/\/www.instagram.com\/claire.astruc.soif\/\">www.instagram.com\/claire.astruc.soif<\/a><\/strong><\/h4><h4 style=\"text-align: center;\">\u00a0<\/h4><h4 style=\"text-align: center;\">\u00a0<\/h4>\t\t\t\t\t\t\t\t<\/div>\n\t\t\t\t<\/div>\n\t\t\t\t\t<\/div>\n\t\t<\/div>\n\t\t\t\t\t<\/div>\n\t\t<\/section>\n\t\t\t\t<section class=\"elementor-section elementor-top-section elementor-element elementor-element-e3938be elementor-section-boxed elementor-section-height-default elementor-section-height-default\" data-id=\"e3938be\" data-element_type=\"section\">\n\t\t\t\t\t\t<div class=\"elementor-container elementor-column-gap-default\">\n\t\t\t\t\t<div class=\"elementor-column elementor-col-100 elementor-top-column elementor-element elementor-element-087bd08\" data-id=\"087bd08\" data-element_type=\"column\">\n\t\t\t<div class=\"elementor-widget-wrap elementor-element-populated\">\n\t\t\t\t\t\t<div class=\"elementor-element elementor-element-fc1606a elementor-align-center elementor-widget elementor-widget-button\" data-id=\"fc1606a\" data-element_type=\"widget\" data-widget_type=\"button.default\">\n\t\t\t\t<div class=\"elementor-widget-container\">\n\t\t\t\t\t\t\t\t\t<div class=\"elementor-button-wrapper\">\n\t\t\t\t\t<a class=\"elementor-button elementor-button-link elementor-size-md\" href=\"http:\/\/www.rioabierto.fr\/v2\/ounoustrouver\/\">\n\t\t\t\t\t\t<span class=\"elementor-button-content-wrapper\">\n\t\t\t\t\t\t<span class=\"elementor-button-icon\">\n\t\t\t\t\t\t\t\t\t<i class=\"fa fa-backward\" aria-hidden=\"true\"><\/i>\n\t\t\t\t\t\t\t<\/span>\n\t\t\t\t\t\t\t\t\t<span class=\"elementor-button-text\">RETOUR AU R\u00c9SEAU<\/span>\n\t\t\t\t\t<\/span>\n\t\t\t\t\t<\/a>\n\t\t\t\t<\/div>\n\t\t\t\t\t\t\t\t<\/div>\n\t\t\t\t<\/div>\n\t\t\t\t\t<\/div>\n\t\t<\/div>\n\t\t\t\t\t<\/div>\n\t\t<\/section>\n\t\t\t\t<section class=\"elementor-section elementor-top-section elementor-element elementor-element-8efcf26 elementor-section-boxed elementor-section-height-default elementor-section-height-default\" data-id=\"8efcf26\" data-element_type=\"section\">\n\t\t\t\t\t\t<div class=\"elementor-container elementor-column-gap-default\">\n\t\t\t\t\t<div class=\"elementor-column elementor-col-100 elementor-top-column elementor-element elementor-element-b993133\" data-id=\"b993133\" data-element_type=\"column\">\n\t\t\t<div class=\"elementor-widget-wrap\">\n\t\t\t\t\t\t\t<\/div>\n\t\t<\/div>\n\t\t\t\t\t<\/div>\n\t\t<\/section>\n\t\t\t\t<\/div>\n\t\t","protected":false},"excerpt":{"rendered":"<p>CLAIRE ASTRUC \u00e0 PARIS (75)\u00e0 VAUX-SUR-SEINE (78) Artiste et pe\u0301dagogue en danse the\u0301a\u0302tre avec Soif Compagnie, j\u2019ai \u00e9t\u00e9 form\u00e9e \u00e0 l\u2019Ecole de The\u0301a\u0302tre Jacques Lecoq \u00e0 Paris, ainsi qu\u2019\u00e0 l\u2019Universite\u0301 &#8230;<\/p>\n","protected":false},"author":2,"featured_media":0,"parent":800,"menu_order":0,"comment_status":"closed","ping_status":"closed","template":"","meta":{"footnotes":""},"class_list":["post-1941","page","type-page","status-publish","hentry"],"_links":{"self":[{"href":"https:\/\/www.rioabierto.fr\/v2\/wp-json\/wp\/v2\/pages\/1941","targetHints":{"allow":["GET"]}}],"collection":[{"href":"https:\/\/www.rioabierto.fr\/v2\/wp-json\/wp\/v2\/pages"}],"about":[{"href":"https:\/\/www.rioabierto.fr\/v2\/wp-json\/wp\/v2\/types\/page"}],"author":[{"embeddable":true,"href":"https:\/\/www.rioabierto.fr\/v2\/wp-json\/wp\/v2\/users\/2"}],"replies":[{"embeddable":true,"href":"https:\/\/www.rioabierto.fr\/v2\/wp-json\/wp\/v2\/comments?post=1941"}],"version-history":[{"count":17,"href":"https:\/\/www.rioabierto.fr\/v2\/wp-json\/wp\/v2\/pages\/1941\/revisions"}],"predecessor-version":[{"id":2205,"href":"https:\/\/www.rioabierto.fr\/v2\/wp-json\/wp\/v2\/pages\/1941\/revisions\/2205"}],"up":[{"embeddable":true,"href":"https:\/\/www.rioabierto.fr\/v2\/wp-json\/wp\/v2\/pages\/800"}],"wp:attachment":[{"href":"https:\/\/www.rioabierto.fr\/v2\/wp-json\/wp\/v2\/media?parent=1941"}],"curies":[{"name":"wp","href":"https:\/\/api.w.org\/{rel}","templated":true}]}}